{"id":31467,"date":"2025-05-28T16:03:19","date_gmt":"2025-05-28T14:03:19","guid":{"rendered":"https:\/\/climtools.com\/pruebas\/hansa_inmobiliaria_web\/?page_id=31467"},"modified":"2025-12-05T11:32:19","modified_gmt":"2025-12-05T10:32:19","slug":"contacto","status":"publish","type":"page","link":"https:\/\/climtools.com\/pruebas\/hansa_inmobiliaria_web\/contacto\/","title":{"rendered":"Contacto"},"content":{"rendered":"\t\t<div data-elementor-type=\"wp-page\" data-elementor-id=\"31467\" class=\"elementor elementor-31467\">\n\t\t\t\t\t\t<section class=\"elementor-section elementor-top-section elementor-element elementor-element-225fa234 elementor-section-content-middle elementor-section-stretched elementor-section-boxed elementor-section-height-default elementor-section-height-default\" data-id=\"225fa234\" data-element_type=\"section\" data-settings=\"{&quot;background_background&quot;:&quot;classic&quot;,&quot;stretch_section&quot;:&quot;section-stretched&quot;}\">\n\t\t\t\t\t\t\t<div class=\"elementor-background-overlay\"><\/div>\n\t\t\t\t\t\t\t<div class=\"elementor-container elementor-column-gap-default\">\n\t\t\t\t\t<div class=\"elementor-column elementor-col-50 elementor-top-column elementor-element elementor-element-69be9bc6\" data-id=\"69be9bc6\" data-element_type=\"column\">\n\t\t\t<div class=\"elementor-widget-wrap elementor-element-populated\">\n\t\t\t\t\t\t<div class=\"elementor-element elementor-element-90c5d15 elementor-invisible elementor-widget elementor-widget-heading\" data-id=\"90c5d15\" data-element_type=\"widget\" data-settings=\"{&quot;_animation&quot;:&quot;fadeIn&quot;,&quot;_animation_delay&quot;:100}\" data-widget_type=\"heading.default\">\n\t\t\t\t<div class=\"elementor-widget-container\">\n\t\t\t\t\t<h2 class=\"elementor-heading-title elementor-size-default\">Contacta con nosotros<\/h2>\t\t\t\t<\/div>\n\t\t\t\t<\/div>\n\t\t\t\t<div class=\"elementor-element elementor-element-57975e5 elementor-invisible elementor-widget elementor-widget-text-editor\" data-id=\"57975e5\" data-element_type=\"widget\" data-settings=\"{&quot;_animation&quot;:&quot;fadeIn&quot;,&quot;_animation_delay&quot;:200}\" data-widget_type=\"text-editor.default\">\n\t\t\t\t<div class=\"elementor-widget-container\">\n\t\t\t\t\t\t\t\t\t<p>Rellena el siguiente formulario con tus dudas y nos pondremos en contacto contigo en la mayor brevedad posible.<\/p>\t\t\t\t\t\t\t\t<\/div>\n\t\t\t\t<\/div>\n\t\t\t\t<div class=\"elementor-element elementor-element-64d98512 elementor-position-left elementor-view-default elementor-mobile-position-top elementor-widget elementor-widget-icon-box\" data-id=\"64d98512\" data-element_type=\"widget\" data-widget_type=\"icon-box.default\">\n\t\t\t\t<div class=\"elementor-widget-container\">\n\t\t\t\t\t\t\t<div class=\"elementor-icon-box-wrapper\">\n\n\t\t\t\t\t\t<div class=\"elementor-icon-box-icon\">\n\t\t\t\t<span  class=\"elementor-icon\">\n\t\t\t\t<svg xmlns=\"http:\/\/www.w3.org\/2000\/svg\" width=\"64\" height=\"64\" fill=\"none\" viewBox=\"0 0 64 64\"><path fill=\"#000\" d=\"m18.568 8.272.485-.12-.485.12Zm2.949 11.796.485-.122-.485.122Zm-1.11 3.127.3.4-.3-.4Zm35.32 22.237-.12.485.12-.485Zm-11.795-2.949-.12.485.12-.485Zm-3.127 1.11.4.3-.4-.3Zm-23.848-17.81.3.4-.3-.4Zm18.036 22.274-.172.47.172-.47Zm-19.05-19.05.47-.172-.47.172Zm22.275 18.036.4.3-.4-.3ZM46 57.5C24.185 57.5 6.5 39.815 6.5 18h-1c0 22.367 18.133 40.5 40.5 40.5v-1Zm-34-51h3.658v-1H12v1Zm6.083 1.894 2.949 11.795.97-.243-2.949-11.795-.97.243Zm2.949 11.795a2.5 2.5 0 0 1-.925 2.606l.6.8a3.5 3.5 0 0 0 1.295-3.649l-.97.243ZM15.658 6.5a2.5 2.5 0 0 1 2.425 1.894l.97-.243A3.5 3.5 0 0 0 15.658 5.5v1ZM12 5.5A6.5 6.5 0 0 0 5.5 12h1A5.5 5.5 0 0 1 12 6.5v-1ZM58.5 52v-3.658h-1V52h1Zm-2.651-7.053-11.795-2.949-.243.97 11.795 2.949.243-.97Zm-11.795-2.949a3.5 3.5 0 0 0-3.65 1.296l.8.6a2.5 2.5 0 0 1 2.607-.926l.243-.97ZM58.5 48.342a3.5 3.5 0 0 0-2.651-3.395l-.243.97a2.5 2.5 0 0 1 1.894 2.425h1ZM57.5 52a5.5 5.5 0 0 1-5.5 5.5v1a6.5 6.5 0 0 0 6.5-6.5h-1ZM20.106 22.795l-3.45 2.587.6.8 3.45-2.587-.6-.8Zm15.059 24.792a31.594 31.594 0 0 1-18.752-18.752l-.94.344a32.594 32.594 0 0 0 19.348 19.347l.344-.939Zm5.24-4.294-2.587 3.45.8.6 2.587-3.45-.8-.6ZM46 58.5h6v-1h-6v1ZM6.5 18v-6h-1v6h1Zm28.32 30.526c1.401.513 2.926-.02 3.798-1.183l-.8-.6c-.63.84-1.703 1.192-2.653.844l-.344.94ZM16.658 25.382c-1.162.872-1.696 2.397-1.183 3.797l.939-.344c-.348-.95.003-2.022.844-2.653l-.6-.8Z\"><\/path><\/svg>\t\t\t\t<\/span>\n\t\t\t<\/div>\n\t\t\t\n\t\t\t\t\t\t<div class=\"elementor-icon-box-content\">\n\n\t\t\t\t\t\t\t\t\t<h3 class=\"elementor-icon-box-title\">\n\t\t\t\t\t\t<span  >\n\t\t\t\t\t\t\tTel\u00e9fono\t\t\t\t\t\t<\/span>\n\t\t\t\t\t<\/h3>\n\t\t\t\t\n\t\t\t\t\t\t\t\t\t<p class=\"elementor-icon-box-description\">\n\t\t\t\t\t\t96 515 54 34\t\t\t\t\t<\/p>\n\t\t\t\t\n\t\t\t<\/div>\n\t\t\t\n\t\t<\/div>\n\t\t\t\t\t\t<\/div>\n\t\t\t\t<\/div>\n\t\t\t\t<div class=\"elementor-element elementor-element-108cd4b6 elementor-widget-divider--view-line elementor-widget elementor-widget-divider\" data-id=\"108cd4b6\" data-element_type=\"widget\" data-widget_type=\"divider.default\">\n\t\t\t\t<div class=\"elementor-widget-container\">\n\t\t\t\t\t\t\t<div class=\"elementor-divider\">\n\t\t\t<span class=\"elementor-divider-separator\">\n\t\t\t\t\t\t<\/span>\n\t\t<\/div>\n\t\t\t\t\t\t<\/div>\n\t\t\t\t<\/div>\n\t\t\t\t<div class=\"elementor-element elementor-element-790dc6a5 elementor-position-left elementor-view-default elementor-mobile-position-top elementor-widget elementor-widget-icon-box\" data-id=\"790dc6a5\" data-element_type=\"widget\" data-widget_type=\"icon-box.default\">\n\t\t\t\t<div class=\"elementor-widget-container\">\n\t\t\t\t\t\t\t<div class=\"elementor-icon-box-wrapper\">\n\n\t\t\t\t\t\t<div class=\"elementor-icon-box-icon\">\n\t\t\t\t<a href=\"mailto:comercial@hansainmobiliaria.com\" class=\"elementor-icon\" tabindex=\"-1\" aria-label=\"Email\">\n\t\t\t\t<svg xmlns=\"http:\/\/www.w3.org\/2000\/svg\" width=\"64\" height=\"64\" fill=\"none\" viewBox=\"0 0 64 64\"><path fill=\"#000\" d=\"m8.855 23.757.262-.426-.262.426Zm20 12.308-.262.426.262-.426Zm6.29 0 .262.426-.262-.426Zm20-12.308-.263-.426.263.426ZM12 12.5h40v-1H12v1ZM57.5 18v28h1V18h-1ZM52 51.5H12v1h40v-1ZM6.5 46V18h-1v28h1Zm5.5 5.5A5.5 5.5 0 0 1 6.5 46h-1a6.5 6.5 0 0 0 6.5 6.5v-1ZM57.5 46a5.5 5.5 0 0 1-5.5 5.5v1a6.5 6.5 0 0 0 6.5-6.5h-1ZM52 12.5a5.5 5.5 0 0 1 5.5 5.5h1a6.5 6.5 0 0 0-6.5-6.5v1Zm-40-1A6.5 6.5 0 0 0 5.5 18h1a5.5 5.5 0 0 1 5.5-5.5v-1ZM8.593 24.183l20 12.308.524-.852-20-12.308-.524.852Zm26.814 12.308 20-12.308-.524-.852-20 12.308.524.852ZM58.5 18.647V18h-1v.647h1Zm-52 0V18h-1v.647h1Zm48.907 5.536a6.5 6.5 0 0 0 3.093-5.536h-1a5.5 5.5 0 0 1-2.617 4.684l.524.852ZM28.593 36.491a6.5 6.5 0 0 0 6.814 0l-.524-.852a5.5 5.5 0 0 1-5.766 0l-.524.852ZM9.117 23.33A5.5 5.5 0 0 1 6.5 18.647h-1a6.5 6.5 0 0 0 3.093 5.536l.524-.852Z\"><\/path><\/svg>\t\t\t\t<\/a>\n\t\t\t<\/div>\n\t\t\t\n\t\t\t\t\t\t<div class=\"elementor-icon-box-content\">\n\n\t\t\t\t\t\t\t\t\t<h3 class=\"elementor-icon-box-title\">\n\t\t\t\t\t\t<a href=\"mailto:comercial@hansainmobiliaria.com\" >\n\t\t\t\t\t\t\tEmail\t\t\t\t\t\t<\/a>\n\t\t\t\t\t<\/h3>\n\t\t\t\t\n\t\t\t\t\t\t\t\t\t<p class=\"elementor-icon-box-description\">\n\t\t\t\t\t\tcomercial@hansainmobiliaria.com\t\t\t\t\t<\/p>\n\t\t\t\t\n\t\t\t<\/div>\n\t\t\t\n\t\t<\/div>\n\t\t\t\t\t\t<\/div>\n\t\t\t\t<\/div>\n\t\t\t\t<div class=\"elementor-element elementor-element-62cbbb20 elementor-widget-divider--view-line elementor-widget elementor-widget-divider\" data-id=\"62cbbb20\" data-element_type=\"widget\" data-widget_type=\"divider.default\">\n\t\t\t\t<div class=\"elementor-widget-container\">\n\t\t\t\t\t\t\t<div class=\"elementor-divider\">\n\t\t\t<span class=\"elementor-divider-separator\">\n\t\t\t\t\t\t<\/span>\n\t\t<\/div>\n\t\t\t\t\t\t<\/div>\n\t\t\t\t<\/div>\n\t\t\t\t<div class=\"elementor-element elementor-element-36676391 elementor-position-left elementor-view-default elementor-mobile-position-top elementor-widget elementor-widget-icon-box\" data-id=\"36676391\" data-element_type=\"widget\" data-widget_type=\"icon-box.default\">\n\t\t\t\t<div class=\"elementor-widget-container\">\n\t\t\t\t\t\t\t<div class=\"elementor-icon-box-wrapper\">\n\n\t\t\t\t\t\t<div class=\"elementor-icon-box-icon\">\n\t\t\t\t<span  class=\"elementor-icon\">\n\t\t\t\t<svg xmlns=\"http:\/\/www.w3.org\/2000\/svg\" width=\"64\" height=\"64\" fill=\"none\" viewBox=\"0 0 64 64\"><path stroke=\"#000\" stroke-linecap=\"round\" stroke-linejoin=\"round\" d=\"M40 28a8 8 0 1 1-16 0 8 8 0 0 1 16 0Z\"><\/path><path stroke=\"#000\" stroke-linecap=\"round\" stroke-linejoin=\"round\" d=\"M52 28c0 19.046-20 30-20 30S12 47.046 12 28c0-11.046 8.954-20 20-20s20 8.954 20 20Z\"><\/path><\/svg>\t\t\t\t<\/span>\n\t\t\t<\/div>\n\t\t\t\n\t\t\t\t\t\t<div class=\"elementor-icon-box-content\">\n\n\t\t\t\t\t\t\t\t\t<h3 class=\"elementor-icon-box-title\">\n\t\t\t\t\t\t<span  >\n\t\t\t\t\t\t\tOficina\t\t\t\t\t\t<\/span>\n\t\t\t\t\t<\/h3>\n\t\t\t\t\n\t\t\t\t\t\t\t\t\t<p class=\"elementor-icon-box-description\">\n\t\t\t\t\t\tLocutor Vicente Hipolito, 39 Alicante 03540 (Alicante)\t\t\t\t\t<\/p>\n\t\t\t\t\n\t\t\t<\/div>\n\t\t\t\n\t\t<\/div>\n\t\t\t\t\t\t<\/div>\n\t\t\t\t<\/div>\n\t\t\t\t<div class=\"elementor-element elementor-element-7e9398e7 elementor-widget-divider--view-line elementor-widget elementor-widget-divider\" data-id=\"7e9398e7\" data-element_type=\"widget\" data-widget_type=\"divider.default\">\n\t\t\t\t<div class=\"elementor-widget-container\">\n\t\t\t\t\t\t\t<div class=\"elementor-divider\">\n\t\t\t<span class=\"elementor-divider-separator\">\n\t\t\t\t\t\t<\/span>\n\t\t<\/div>\n\t\t\t\t\t\t<\/div>\n\t\t\t\t<\/div>\n\t\t\t\t\t<\/div>\n\t\t<\/div>\n\t\t\t\t<div class=\"elementor-column elementor-col-50 elementor-top-column elementor-element elementor-element-572ac5d3\" data-id=\"572ac5d3\" data-element_type=\"column\" data-settings=\"{&quot;background_background&quot;:&quot;classic&quot;}\">\n\t\t\t<div class=\"elementor-widget-wrap elementor-element-populated\">\n\t\t\t\t\t\t<div class=\"elementor-element elementor-element-7facd4a1 elementor-button-align-start elementor-widget elementor-widget-WpResidence_Contact_Form_Builder\" data-id=\"7facd4a1\" data-element_type=\"widget\" data-widget_type=\"WpResidence_Contact_Form_Builder.default\">\n\t\t\t\t<div class=\"elementor-widget-container\">\n\t\t\t\t\t\n\n\n\n\n        <form class=\"elementor-form wpresidence_elementor_form wpestate_contact_form_parent\"  id=\"wpresidence-elementor-form-7facd4a1\" method=\"post\" >\n            <div class=\"alert-box error\">\n                <div class=\"alert-message\" id=\"alert-agent-contact\"><\/div>\n            <\/div>\n            <input name=\"prop_id\" type=\"hidden\"  id=\"agent_property_id\" value=\"\">\n            <input name=\"prop_id\" type=\"hidden\"  id=\"agent_id\" value=\"\">\n            <input name=\"prop_id\" type=\"hidden\"  id=\"contact_form_elementor\" value=\"1\">\n            <input type=\"hidden\" name=\"contact_ajax_nonce\" id=\"agent_property_ajax_nonce\"  value=\"16beb79121\" \/>\n\n            \n            \n            <input type=\"hidden\" id=\"wpresidence_form_id\" name=\"wpresidence_form_id\" value=\"wpresidence_form_9694\" \/>\n        \n            <input type=\"hidden\" id=\"elementor_email_subject\" name=\"email_suject\" value=\"New email from Home\" \/>\n\n\n            <div class=\"elementor-form-fields-wrapper elementor-labels-above\">\n        <div class=\"elementor-field-group elementor-column form-group elementor-field-group-name elementor-field-required elementor-col-100\"><label for=\"form-field-name\" class=\"elementor-field-label\">Nombre*<\/label><input type=\"text\" name=\"first_name\" id=\"form-field-name\" class=\"elementor-field form-control elementor-size-sm elementor-field-textual\" required=\"required\"><\/div><div class=\"elementor-field-group elementor-column form-group elementor-field-group-email elementor-field-required elementor-col-100\"><label for=\"form-field-email\" class=\"elementor-field-label\">Email*<\/label><input type=\"email\" name=\"email\" id=\"form-field-email\" class=\"elementor-field form-control elementor-size-sm elementor-field-textual\" required=\"required\"><\/div><div class=\"elementor-field-group elementor-column form-group elementor-field-group-ecf7c11 elementor-field-required elementor-col-100\"><label for=\"form-field-ecf7c11\" class=\"elementor-field-label\">Tel\u00e9fono*<\/label><input type=\"text\" name=\"phone\" id=\"form-field-ecf7c11\" class=\"elementor-field form-control elementor-size-sm elementor-field-textual\" required=\"required\"><\/div><div class=\"elementor-field-group elementor-column form-group elementor-field-group-message elementor-col-100\"><label for=\"form-field-message\" class=\"elementor-field-label\">Comentarios<\/label><textarea class=\"form-control elementor-field-textual elementor-field elementor-size-sm\" name=\"message\" id=\"form-field-message\" rows=\"3\"><\/textarea><\/div>\n                <div class=\"elementor-field-group elementor-column elementor-field-type-submit elementor-col-100 elementor-md-100\">\n        <div class=\"gpr_wrapper\"><input type=\"checkbox\"  role=\"checkbox\" aria-checked=\"false\" id=\"wpestate_agree_gdpr\" class=\"wpestate_agree_gdpr\" name=\"wpestate_agree_gdpr\" \/>\n                    <label for=\"wpestate_agree_gdpr\"><a target=\"_blank\" href=\"https:\/\/climtools.com\/pruebas\/hansa_inmobiliaria_web\/\">He le\u00eddo y acepto la pol\u00edtica de privacidad<\/a><\/label><\/div>\n\t\t\t\t\t\t\t\t\t\t\t\t                    <button type=\"submit\" class=\"agent_submit_class_elementor wpresidence_button wpresidence_button_elementor elementor-button elementor-size-sm\">\n                    Enviar                            <\/button>\n\n                <\/div>\n            <\/div>\n\n\n\n        <\/form>\n\n\n\n\n        \t\t\t\t<\/div>\n\t\t\t\t<\/div>\n\t\t\t\t\t<\/div>\n\t\t<\/div>\n\t\t\t\t\t<\/div>\n\t\t<\/section>\n\t\t\t\t<\/div>\n\t\t","protected":false},"excerpt":{"rendered":"<p>Contacta con nosotros Rellena el siguiente formulario con tus dudas y nos pondremos en contacto contigo en la mayor brevedad posible. Tel\u00e9fono 96 515 54 34 Email comercial@hansainmobiliaria.com Oficina Locutor Vicente Hipolito, 39 Alicante 03540 (Alicante) Nombre*Email*Tel\u00e9fono*Comentarios He le\u00eddo y acepto la pol\u00edtica de privacidad Enviar<\/p>\n","protected":false},"author":1,"featured_media":0,"parent":0,"menu_order":0,"comment_status":"closed","ping_status":"closed","template":"elementor_header_footer","meta":{"inline_featured_image":false,"footnotes":""},"class_list":["post-31467","page","type-page","status-publish","hentry"],"_links":{"self":[{"href":"https:\/\/climtools.com\/pruebas\/hansa_inmobiliaria_web\/wp-json\/wp\/v2\/pages\/31467","targetHints":{"allow":["GET"]}}],"collection":[{"href":"https:\/\/climtools.com\/pruebas\/hansa_inmobiliaria_web\/wp-json\/wp\/v2\/pages"}],"about":[{"href":"https:\/\/climtools.com\/pruebas\/hansa_inmobiliaria_web\/wp-json\/wp\/v2\/types\/page"}],"author":[{"embeddable":true,"href":"https:\/\/climtools.com\/pruebas\/hansa_inmobiliaria_web\/wp-json\/wp\/v2\/users\/1"}],"replies":[{"embeddable":true,"href":"https:\/\/climtools.com\/pruebas\/hansa_inmobiliaria_web\/wp-json\/wp\/v2\/comments?post=31467"}],"version-history":[{"count":26,"href":"https:\/\/climtools.com\/pruebas\/hansa_inmobiliaria_web\/wp-json\/wp\/v2\/pages\/31467\/revisions"}],"predecessor-version":[{"id":36506,"href":"https:\/\/climtools.com\/pruebas\/hansa_inmobiliaria_web\/wp-json\/wp\/v2\/pages\/31467\/revisions\/36506"}],"wp:attachment":[{"href":"https:\/\/climtools.com\/pruebas\/hansa_inmobiliaria_web\/wp-json\/wp\/v2\/media?parent=31467"}],"curies":[{"name":"wp","href":"https:\/\/api.w.org\/{rel}","templated":true}]}}