{"id":26,"date":"2025-10-20T00:42:00","date_gmt":"2025-10-19T22:42:00","guid":{"rendered":"https:\/\/climtools.com\/pruebas\/Web_Coveal\/?page_id=26"},"modified":"2025-11-06T10:19:00","modified_gmt":"2025-11-06T09:19:00","slug":"home","status":"publish","type":"page","link":"https:\/\/climtools.com\/pruebas\/Web_Coveal\/","title":{"rendered":"Home"},"content":{"rendered":"\t\t<div data-elementor-type=\"wp-page\" data-elementor-id=\"26\" class=\"elementor elementor-26\">\n\t\t\t\t<div class=\"elementor-element elementor-element-15ba042 e-flex e-con-boxed e-con e-parent\" data-id=\"15ba042\" data-element_type=\"container\" data-settings=\"{&quot;background_background&quot;:&quot;classic&quot;}\">\n\t\t\t\t\t<div class=\"e-con-inner\">\n\t\t<div class=\"elementor-element elementor-element-912c3d0 e-con-full animated-slow e-flex elementor-invisible e-con e-child\" data-id=\"912c3d0\" data-element_type=\"container\" data-settings=\"{&quot;background_background&quot;:&quot;classic&quot;,&quot;animation&quot;:&quot;fadeInUp&quot;}\">\n\t\t<div class=\"elementor-element elementor-element-6821ee0 e-con-full e-flex e-con e-child\" data-id=\"6821ee0\" data-element_type=\"container\">\n\t\t\t\t<div class=\"elementor-element elementor-element-94aa9a6 elementor-widget elementor-widget-heading\" data-id=\"94aa9a6\" data-element_type=\"widget\" data-widget_type=\"heading.default\">\n\t\t\t\t\t<h1 class=\"elementor-heading-title elementor-size-default\">Excelencia en inversi\u00f3n inmobiliaria<\/h1>\t\t\t\t<\/div>\n\t\t\t\t<div class=\"elementor-element elementor-element-809214d elementor-widget__width-initial elementor-widget elementor-widget-heading\" data-id=\"809214d\" data-element_type=\"widget\" data-widget_type=\"heading.default\">\n\t\t\t\t\t<h2 class=\"elementor-heading-title elementor-size-default\">Compra, promoci\u00f3n y liquidez con capital propio y total transparencia<\/h2>\t\t\t\t<\/div>\n\t\t\t\t<\/div>\n\t\t<div class=\"elementor-element elementor-element-154a40e e-con-full e-flex e-con e-child\" data-id=\"154a40e\" data-element_type=\"container\">\n\t\t\t\t<div class=\"elementor-element elementor-element-b59838b elementor-widget elementor-widget-text-editor\" data-id=\"b59838b\" data-element_type=\"widget\" data-widget_type=\"text-editor.default\">\n\t\t\t\t\t\t\t\t\t<p class=\"x_MsoNormal\">En\u00a0COVEAL transformamos el valor inmobiliario en oportunidades exclusivas de inversi\u00f3n, gestionadas con rigor, solvencia y discreci\u00f3n.<u><\/u><u><\/u><\/p><p class=\"x_MsoNormal\">Con m\u00e1s de tres d\u00e9cadas de experiencia, controlamos cada fase del proceso, desde la adquisici\u00f3n hasta la rentabilidad final, garantizando operaciones seguras y resultados reales.<\/p>\t\t\t\t\t\t\t\t<\/div>\n\t\t\t\t<div class=\"elementor-element elementor-element-198cc4b elementor-widget__width-auto elementor-widget elementor-widget-tp-button\" data-id=\"198cc4b\" data-element_type=\"widget\" data-widget_type=\"tp-button.default\">\n\t\t\t\t\t<div class=\"pt-plus-button-wrapper   text-left \"><div class=\"button_parallax \"><div id=\"button69d5721661d63\"  class=\" text-left ts-button content_hover_effect  \" ><div class=\"pt_plus_button btn69d5721661d62 button-style-6   \"  ><div class=\"animted-content-inner \"><a href=\"#que_hacemos\" class=\"button-link-wrap \" role=\"button\" data-hover=\"+ Info\"  >+ Info<\/a><\/div><\/div><\/div><\/div><\/div>\t\t\t\t<\/div>\n\t\t\t\t<\/div>\n\t\t\t\t<\/div>\n\t\t\t\t\t<\/div>\n\t\t\t\t<\/div>\n\t\t<div class=\"elementor-element elementor-element-0ca120e animated-slow e-con-full e-flex elementor-invisible e-con e-parent\" data-id=\"0ca120e\" data-element_type=\"container\" id=\"que_hacemos\" data-settings=\"{&quot;animation&quot;:&quot;fadeIn&quot;,&quot;background_background&quot;:&quot;classic&quot;}\">\n\t\t<div class=\"elementor-element elementor-element-c198cb8 e-con-full animated-slow e-flex elementor-invisible e-con e-child\" data-id=\"c198cb8\" data-element_type=\"container\" data-settings=\"{&quot;animation&quot;:&quot;fadeIn&quot;,&quot;background_background&quot;:&quot;classic&quot;}\">\n\t\t\t\t<div class=\"elementor-element elementor-element-6750a7e elementor-widget elementor-widget-spacer\" data-id=\"6750a7e\" data-element_type=\"widget\" data-widget_type=\"spacer.default\">\n\t\t\t\t\t\t\t<div class=\"elementor-spacer\">\n\t\t\t<div class=\"elementor-spacer-inner\"><\/div>\n\t\t<\/div>\n\t\t\t\t\t\t<\/div>\n\t\t\t\t<\/div>\n\t\t<div class=\"elementor-element elementor-element-5c17e99 e-con-full animated-slow e-flex elementor-invisible e-con e-child\" data-id=\"5c17e99\" data-element_type=\"container\" data-settings=\"{&quot;background_background&quot;:&quot;classic&quot;,&quot;animation&quot;:&quot;fadeIn&quot;}\">\n\t\t<div class=\"elementor-element elementor-element-02c9df6 e-con-full animated-slow e-flex elementor-invisible e-con e-child\" data-id=\"02c9df6\" data-element_type=\"container\" data-settings=\"{&quot;animation&quot;:&quot;fadeInUp&quot;}\">\n\t\t\t\t<div class=\"elementor-element elementor-element-15c7a44 elementor-widget elementor-widget-heading\" data-id=\"15c7a44\" data-element_type=\"widget\" data-widget_type=\"heading.default\">\n\t\t\t\t\t<h4 class=\"elementor-heading-title elementor-size-default\">Sobre nosotros<\/h4>\t\t\t\t<\/div>\n\t\t\t\t<div class=\"elementor-element elementor-element-89e2b87 elementor-widget__width-initial elementor-widget elementor-widget-heading\" data-id=\"89e2b87\" data-element_type=\"widget\" data-widget_type=\"heading.default\">\n\t\t\t\t\t<h3 class=\"elementor-heading-title elementor-size-default\">Qu\u00e9 hacemos<\/h3>\t\t\t\t<\/div>\n\t\t\t\t<div class=\"elementor-element elementor-element-f0bd715 elementor-widget elementor-widget-text-editor\" data-id=\"f0bd715\" data-element_type=\"widget\" data-widget_type=\"text-editor.default\">\n\t\t\t\t\t\t\t\t\t<p>En COVEAL identificamos y desarrollamos activos inmobiliarios con alto potencial, situados en zonas estrat\u00e9gicas y con un enfoque en maximizar rentabilidad y potenciar el valor de cada activo.<\/p><p>Promovemos proyectos de obra nueva y rehabilitaci\u00f3n integral, gestionando todo el ciclo de inversi\u00f3n: desde la detecci\u00f3n de la oportunidad hasta la desinversi\u00f3n final.<\/p><p>Operamos con capital propio y coinversiones seleccionadas, garantizando la m\u00e1xima transparencia, eficiencia y rentabilidad.<\/p>\t\t\t\t\t\t\t\t<\/div>\n\t\t\t\t<\/div>\n\t\t\t\t<\/div>\n\t\t\t\t<\/div>\n\t\t<div class=\"elementor-element elementor-element-68b4358 e-flex e-con-boxed e-con e-parent\" data-id=\"68b4358\" data-element_type=\"container\" data-settings=\"{&quot;background_background&quot;:&quot;classic&quot;}\">\n\t\t\t\t\t<div class=\"e-con-inner\">\n\t\t<div class=\"elementor-element elementor-element-c4dedf1 e-con-full animated-slow e-flex elementor-invisible e-con e-child\" data-id=\"c4dedf1\" data-element_type=\"container\" id=\"inmuebles\" data-settings=\"{&quot;background_background&quot;:&quot;classic&quot;,&quot;animation&quot;:&quot;fadeInUp&quot;}\">\n\t\t<div class=\"elementor-element elementor-element-079bc53 e-con-full e-flex e-con e-child\" data-id=\"079bc53\" data-element_type=\"container\">\n\t\t\t\t<div class=\"elementor-element elementor-element-52eac2e elementor-view-default elementor-widget elementor-widget-icon\" data-id=\"52eac2e\" data-element_type=\"widget\" data-widget_type=\"icon.default\">\n\t\t\t\t\t\t\t<div class=\"elementor-icon-wrapper\">\n\t\t\t<div class=\"elementor-icon\">\n\t\t\t<i aria-hidden=\"true\" class=\"mdi mdi-numeric-1\"><\/i>\t\t\t<\/div>\n\t\t<\/div>\n\t\t\t\t\t\t<\/div>\n\t\t\t\t<div class=\"elementor-element elementor-element-867f7ce elementor-widget__width-initial elementor-widget elementor-widget-heading\" data-id=\"867f7ce\" data-element_type=\"widget\" data-widget_type=\"heading.default\">\n\t\t\t\t\t<h4 class=\"elementor-heading-title elementor-size-default\">Ofrecer su inmueble<\/h4>\t\t\t\t<\/div>\n\t\t\t\t<div class=\"elementor-element elementor-element-253195b elementor-widget elementor-widget-text-editor\" data-id=\"253195b\" data-element_type=\"widget\" data-widget_type=\"text-editor.default\">\n\t\t\t\t\t\t\t\t\t<p>COVEAL analiza inmuebles en ubicaciones de alto valor para su adquisici\u00f3n directa o inversi\u00f3n conjunta, garantizando un proceso r\u00e1pido, seguro y confidencial.<\/p><p>Si desea ofrecer su propiedad, nuestro equipo la valora sin compromiso y puede formalizar la compra en un plazo reducido, siempre mediante contrato notarial y con total discreci\u00f3n.<\/p>\t\t\t\t\t\t\t\t<\/div>\n\t\t\t\t<\/div>\n\t\t<div class=\"elementor-element elementor-element-7691ac3 e-con-full e-flex e-con e-child\" data-id=\"7691ac3\" data-element_type=\"container\">\n\t\t\t\t<div class=\"elementor-element elementor-element-d6cf2a8 elementor-widget__width-auto elementor-widget elementor-widget-tp-button\" data-id=\"d6cf2a8\" data-element_type=\"widget\" data-widget_type=\"tp-button.default\">\n\t\t\t\t\t<div class=\"pt-plus-button-wrapper   text-left \"><div class=\"button_parallax \"><div id=\"button69d572166295a\"  class=\" text-left ts-button content_hover_effect  \" ><div class=\"pt_plus_button btn69d5721662959 button-style-6   \"  ><div class=\"animted-content-inner \"><a href=\"#contacto\" class=\"button-link-wrap \" role=\"button\" data-hover=\"Cont\u00e1ctanos\"  >Cont\u00e1ctanos<\/a><\/div><\/div><\/div><\/div><\/div>\t\t\t\t<\/div>\n\t\t\t\t<\/div>\n\t\t\t\t<\/div>\n\t\t<div class=\"elementor-element elementor-element-160b206 e-con-full animated-slow e-flex elementor-invisible e-con e-child\" data-id=\"160b206\" data-element_type=\"container\" id=\"soluciones\" data-settings=\"{&quot;background_background&quot;:&quot;classic&quot;,&quot;animation&quot;:&quot;fadeInUp&quot;,&quot;animation_delay&quot;:100}\">\n\t\t<div class=\"elementor-element elementor-element-527dcd3 e-con-full e-flex e-con e-child\" data-id=\"527dcd3\" data-element_type=\"container\">\n\t\t\t\t<div class=\"elementor-element elementor-element-3a5ea86 elementor-view-default elementor-widget elementor-widget-icon\" data-id=\"3a5ea86\" data-element_type=\"widget\" data-widget_type=\"icon.default\">\n\t\t\t\t\t\t\t<div class=\"elementor-icon-wrapper\">\n\t\t\t<div class=\"elementor-icon\">\n\t\t\t<i aria-hidden=\"true\" class=\"mdi mdi-numeric-2\"><\/i>\t\t\t<\/div>\n\t\t<\/div>\n\t\t\t\t\t\t<\/div>\n\t\t\t\t<div class=\"elementor-element elementor-element-2c2c531 elementor-widget__width-initial elementor-widget elementor-widget-heading\" data-id=\"2c2c531\" data-element_type=\"widget\" data-widget_type=\"heading.default\">\n\t\t\t\t\t<h4 class=\"elementor-heading-title elementor-size-default\">Soluciones de liquidez<\/h4>\t\t\t\t<\/div>\n\t\t\t\t<div class=\"elementor-element elementor-element-c3bb776 elementor-widget elementor-widget-text-editor\" data-id=\"c3bb776\" data-element_type=\"widget\" data-widget_type=\"text-editor.default\">\n\t\t\t\t\t\t\t\t\t<p>Si posee un inmueble y necesita obtener capital de forma r\u00e1pida y segura, COVEAL ofrece operaciones de liquidez a medida, como compraventa con opci\u00f3n de recompra o coinversi\u00f3n inmobiliaria, siempre con contrato notarial y asesoramiento jur\u00eddico especializado.<\/p><p>Confidencialidad absoluta. No es un pr\u00e9stamo al consumo, sino una operaci\u00f3n de inversi\u00f3n con respaldo legal y financiero.<\/p>\t\t\t\t\t\t\t\t<\/div>\n\t\t\t\t<\/div>\n\t\t<div class=\"elementor-element elementor-element-d161784 e-con-full e-flex e-con e-child\" data-id=\"d161784\" data-element_type=\"container\">\n\t\t\t\t<div class=\"elementor-element elementor-element-53a2a3a elementor-widget__width-auto elementor-widget elementor-widget-tp-button\" data-id=\"53a2a3a\" data-element_type=\"widget\" data-widget_type=\"tp-button.default\">\n\t\t\t\t\t<div class=\"pt-plus-button-wrapper   text-left \"><div class=\"button_parallax \"><div id=\"button69d57216630b8\"  class=\" text-left ts-button content_hover_effect  \" ><div class=\"pt_plus_button btn69d57216630b7 button-style-6   \"  ><div class=\"animted-content-inner \"><a href=\"#contacto\" class=\"button-link-wrap \" role=\"button\" data-hover=\"Cont\u00e1ctanos\"  >Cont\u00e1ctanos<\/a><\/div><\/div><\/div><\/div><\/div>\t\t\t\t<\/div>\n\t\t\t\t<\/div>\n\t\t\t\t<\/div>\n\t\t<div class=\"elementor-element elementor-element-2abb524 e-con-full animated-slow e-flex elementor-invisible e-con e-child\" data-id=\"2abb524\" data-element_type=\"container\" id=\"inversiones\" data-settings=\"{&quot;background_background&quot;:&quot;classic&quot;,&quot;animation&quot;:&quot;fadeInUp&quot;,&quot;animation_delay&quot;:200}\">\n\t\t<div class=\"elementor-element elementor-element-7e9a84f e-con-full e-flex e-con e-child\" data-id=\"7e9a84f\" data-element_type=\"container\">\n\t\t\t\t<div class=\"elementor-element elementor-element-e83895f elementor-view-default elementor-widget elementor-widget-icon\" data-id=\"e83895f\" data-element_type=\"widget\" data-widget_type=\"icon.default\">\n\t\t\t\t\t\t\t<div class=\"elementor-icon-wrapper\">\n\t\t\t<div class=\"elementor-icon\">\n\t\t\t<i aria-hidden=\"true\" class=\"mdi mdi-numeric-3\"><\/i>\t\t\t<\/div>\n\t\t<\/div>\n\t\t\t\t\t\t<\/div>\n\t\t\t\t<div class=\"elementor-element elementor-element-87e7c3a elementor-widget__width-initial elementor-widget elementor-widget-heading\" data-id=\"87e7c3a\" data-element_type=\"widget\" data-widget_type=\"heading.default\">\n\t\t\t\t\t<h4 class=\"elementor-heading-title elementor-size-default\">Oportunidades para inversores<\/h4>\t\t\t\t<\/div>\n\t\t\t\t<div class=\"elementor-element elementor-element-ba18d88 elementor-widget elementor-widget-text-editor\" data-id=\"ba18d88\" data-element_type=\"widget\" data-widget_type=\"text-editor.default\">\n\t\t\t\t\t\t\t\t\t<p>En COVEAL seleccionamos activos inmobiliarios exclusivos con el objetivo de maximizar rentabilidad y minimizar riesgo.<\/p><p>Colaboramos con inversores privados y corporativos que buscan formar parte de proyectos de alto valor en mercados consolidados y ubicaciones premium.<\/p><p>Inversiones gestionadas con capital inteligente, transparencia y control profesional, donde cada decisi\u00f3n se basa en an\u00e1lisis, experiencia y visi\u00f3n.<\/p>\t\t\t\t\t\t\t\t<\/div>\n\t\t\t\t<\/div>\n\t\t<div class=\"elementor-element elementor-element-6d087ea e-con-full e-flex e-con e-child\" data-id=\"6d087ea\" data-element_type=\"container\">\n\t\t\t\t<div class=\"elementor-element elementor-element-69a1f77 elementor-widget__width-auto elementor-widget elementor-widget-tp-button\" data-id=\"69a1f77\" data-element_type=\"widget\" data-widget_type=\"tp-button.default\">\n\t\t\t\t\t<div class=\"pt-plus-button-wrapper   text-left \"><div class=\"button_parallax \"><div id=\"button69d57216637ef\"  class=\" text-left ts-button content_hover_effect  \" ><div class=\"pt_plus_button btn69d57216637ee button-style-6   \"  ><div class=\"animted-content-inner \"><a href=\"#contacto\" class=\"button-link-wrap \" role=\"button\" data-hover=\"Cont\u00e1ctanos\"  >Cont\u00e1ctanos<\/a><\/div><\/div><\/div><\/div><\/div>\t\t\t\t<\/div>\n\t\t\t\t<\/div>\n\t\t\t\t<\/div>\n\t\t\t\t\t<\/div>\n\t\t\t\t<\/div>\n\t\t<div class=\"elementor-element elementor-element-17aea02 e-con-full animated-slow e-flex elementor-invisible e-con e-parent\" data-id=\"17aea02\" data-element_type=\"container\" id=\"contacto\" data-settings=\"{&quot;background_background&quot;:&quot;classic&quot;,&quot;animation&quot;:&quot;fadeIn&quot;}\">\n\t\t<div class=\"elementor-element elementor-element-cd024d4 e-con-full e-flex e-con e-child\" data-id=\"cd024d4\" data-element_type=\"container\" data-settings=\"{&quot;background_background&quot;:&quot;classic&quot;}\">\n\t\t<div class=\"elementor-element elementor-element-7868021 e-con-full e-flex e-con e-child\" data-id=\"7868021\" data-element_type=\"container\">\n\t\t\t\t<div class=\"elementor-element elementor-element-a9339ef elementor-widget__width-initial elementor-widget elementor-widget-heading\" data-id=\"a9339ef\" data-element_type=\"widget\" data-widget_type=\"heading.default\">\n\t\t\t\t\t<h3 class=\"elementor-heading-title elementor-size-default\">\u00bfDesea vender, invertir o conocer nuestras operaciones actuales?<\/h3>\t\t\t\t<\/div>\n\t\t\t\t<div class=\"elementor-element elementor-element-6efda8a elementor-widget__width-initial elementor-widget elementor-widget-text-editor\" data-id=\"6efda8a\" data-element_type=\"widget\" data-widget_type=\"text-editor.default\">\n\t\t\t\t\t\t\t\t\t<p>Nuestro equipo atender\u00e1 su solicitud con total confidencialidad y respuesta en menos de 24 horas.<\/p>\t\t\t\t\t\t\t\t<\/div>\n\t\t\t\t<div class=\"elementor-element elementor-element-6086d58 elementor-widget__width-inherit animated-slow eael-contact-form-7-button-align-left eael-contact-form-7-button-custom elementor-invisible elementor-widget elementor-widget-eael-contact-form-7\" data-id=\"6086d58\" data-element_type=\"widget\" data-settings=\"{&quot;_animation&quot;:&quot;fadeIn&quot;}\" data-widget_type=\"eael-contact-form-7.default\">\n\t\t\t\t\t<div class=\"eael-contact-form-7-wrapper\">\n                <div class=\"eael-contact-form eael-contact-form-7 eael-contact-form-6086d58 placeholder-show eael-custom-radio-checkbox eael-contact-form-align-default\">\n<div class=\"wpcf7 no-js\" id=\"wpcf7-f190-o1\" lang=\"\" dir=\"ltr\" data-wpcf7-id=\"190\">\n<div class=\"screen-reader-response\"><p role=\"status\" aria-live=\"polite\" aria-atomic=\"true\"><\/p> <ul><\/ul><\/div>\n<form action=\"\/pruebas\/Web_Coveal\/wp-json\/wp\/v2\/pages\/26#wpcf7-f190-o1\" method=\"post\" class=\"wpcf7-form init\" aria-label=\"Formulario de contacto\" novalidate=\"novalidate\" data-status=\"init\">\n<fieldset class=\"hidden-fields-container\"><input type=\"hidden\" name=\"_wpcf7\" value=\"190\" \/><input type=\"hidden\" name=\"_wpcf7_version\" value=\"6.1.3\" \/><input type=\"hidden\" name=\"_wpcf7_locale\" value=\"\" \/><input type=\"hidden\" name=\"_wpcf7_unit_tag\" value=\"wpcf7-f190-o1\" \/><input type=\"hidden\" name=\"_wpcf7_container_post\" value=\"0\" \/><input type=\"hidden\" name=\"_wpcf7_posted_data_hash\" value=\"\" \/>\n<\/fieldset>\n<p><span class=\"wpcf7-form-control-wrap\" data-name=\"nombre\"><input size=\"40\" maxlength=\"400\" class=\"wpcf7-form-control wpcf7-text wpcf7-validates-as-required\" autocomplete=\"name\" aria-required=\"true\" aria-invalid=\"false\" placeholder=\"Nombre\" value=\"\" type=\"text\" name=\"nombre\" \/><\/span>\n<\/p>\n<p><span class=\"wpcf7-form-control-wrap\" data-name=\"email\"><input size=\"40\" maxlength=\"400\" class=\"wpcf7-form-control wpcf7-email wpcf7-validates-as-required wpcf7-text wpcf7-validates-as-email\" autocomplete=\"email\" aria-required=\"true\" aria-invalid=\"false\" placeholder=\"Email\" value=\"\" type=\"email\" name=\"email\" \/><\/span>\n<\/p>\n<p><span class=\"wpcf7-form-control-wrap\" data-name=\"telefono\"><input size=\"40\" maxlength=\"400\" class=\"wpcf7-form-control wpcf7-tel wpcf7-validates-as-required wpcf7-text wpcf7-validates-as-tel\" aria-required=\"true\" aria-invalid=\"false\" placeholder=\"Tel\u00e9fono\" value=\"\" type=\"tel\" name=\"telefono\" \/><\/span>\n<\/p>\n<p><span class=\"wpcf7-form-control-wrap\" data-name=\"interesado\"><select class=\"wpcf7-form-control wpcf7-select\" aria-invalid=\"false\" name=\"interesado\"><option value=\"\">Interesado en<\/option><option value=\"Vender inmueble\">Vender inmueble<\/option><option value=\"Soluciones de liquidez\">Soluciones de liquidez<\/option><option value=\"Oportunidades para inversores\">Oportunidades para inversores<\/option><option value=\"Otros\">Otros<\/option><\/select><\/span>\n<\/p>\n<p><span class=\"wpcf7-form-control-wrap\" data-name=\"mensaje\"><textarea cols=\"40\" rows=\"10\" maxlength=\"2000\" class=\"wpcf7-form-control wpcf7-textarea\" aria-invalid=\"false\" placeholder=\"Mensaje\" name=\"mensaje\"><\/textarea><\/span>\n<\/p>\n<p><span class=\"wpcf7-form-control-wrap\" data-name=\"politica-privacidad\"><span class=\"wpcf7-form-control wpcf7-acceptance\"><span class=\"wpcf7-list-item\"><label><input type=\"checkbox\" name=\"politica-privacidad\" value=\"1\" aria-invalid=\"false\" \/><span class=\"wpcf7-list-item-label\">He le\u00eddo y acepto la <a href=\"https:\/\/climtools.com\/pruebas\/Web_Coveal\/politica-de-privacidad\">pol\u00edtica de privacidad<\/a><\/span><\/label><\/span><\/span><\/span>\n<\/p>\n<p><input class=\"wpcf7-form-control wpcf7-submit has-spinner\" type=\"submit\" value=\"Enviar\" \/>\n<\/p><div class=\"wpcf7-response-output\" aria-hidden=\"true\"><\/div>\n<\/form>\n<\/div>\n<\/div>\n            <\/div>\t\t\t\t<\/div>\n\t\t\t\t<\/div>\n\t\t\t\t<\/div>\n\t\t<div class=\"elementor-element elementor-element-df810a9 e-con-full e-flex e-con e-child\" data-id=\"df810a9\" data-element_type=\"container\" data-settings=\"{&quot;background_background&quot;:&quot;classic&quot;}\">\n\t\t\t\t<\/div>\n\t\t\t\t<\/div>\n\t\t\t\t<\/div>\n\t\t","protected":false},"excerpt":{"rendered":"<p>Excelencia en inversi\u00f3n inmobiliaria Compra, promoci\u00f3n y liquidez con capital propio y total transparencia En\u00a0COVEAL transformamos el valor inmobiliario en oportunidades exclusivas de inversi\u00f3n, gestionadas con rigor, solvencia y discreci\u00f3n. Con m\u00e1s de tres d\u00e9cadas de experiencia, controlamos cada fase del proceso, desde la adquisici\u00f3n hasta la rentabilidad final, garantizando operaciones seguras y resultados reales. [&hellip;]<\/p>\n","protected":false},"author":1,"featured_media":0,"parent":0,"menu_order":0,"comment_status":"closed","ping_status":"closed","template":"","meta":{"inline_featured_image":false,"footnotes":""},"class_list":["post-26","page","type-page","status-publish","hentry"],"_links":{"self":[{"href":"https:\/\/climtools.com\/pruebas\/Web_Coveal\/wp-json\/wp\/v2\/pages\/26","targetHints":{"allow":["GET"]}}],"collection":[{"href":"https:\/\/climtools.com\/pruebas\/Web_Coveal\/wp-json\/wp\/v2\/pages"}],"about":[{"href":"https:\/\/climtools.com\/pruebas\/Web_Coveal\/wp-json\/wp\/v2\/types\/page"}],"author":[{"embeddable":true,"href":"https:\/\/climtools.com\/pruebas\/Web_Coveal\/wp-json\/wp\/v2\/users\/1"}],"replies":[{"embeddable":true,"href":"https:\/\/climtools.com\/pruebas\/Web_Coveal\/wp-json\/wp\/v2\/comments?post=26"}],"version-history":[{"count":196,"href":"https:\/\/climtools.com\/pruebas\/Web_Coveal\/wp-json\/wp\/v2\/pages\/26\/revisions"}],"predecessor-version":[{"id":494,"href":"https:\/\/climtools.com\/pruebas\/Web_Coveal\/wp-json\/wp\/v2\/pages\/26\/revisions\/494"}],"wp:attachment":[{"href":"https:\/\/climtools.com\/pruebas\/Web_Coveal\/wp-json\/wp\/v2\/media?parent=26"}],"curies":[{"name":"wp","href":"https:\/\/api.w.org\/{rel}","templated":true}]}}